{"id":602,"date":"2021-09-16T14:18:02","date_gmt":"2021-09-16T14:18:02","guid":{"rendered":"https:\/\/ong-zama.com\/?page_id=602"},"modified":"2021-10-17T14:35:29","modified_gmt":"2021-10-17T14:35:29","slug":"mesures","status":"publish","type":"page","link":"https:\/\/ong-zama.com\/index.php\/mesures\/","title":{"rendered":"PROJETS"},"content":{"rendered":"\t\t<div data-elementor-type=\"wp-page\" data-elementor-id=\"602\" class=\"elementor elementor-602\">\n\t\t\t\t\t\t<section class=\"elementor-section elementor-top-section elementor-element elementor-element-e20e088 elementor-section-boxed elementor-section-height-default elementor-section-height-default\" data-id=\"e20e088\" data-element_type=\"section\">\n\t\t\t\t\t\t<div class=\"elementor-container elementor-column-gap-default\">\n\t\t\t\t\t<div class=\"elementor-column elementor-col-100 elementor-top-column elementor-element elementor-element-46548fe\" data-id=\"46548fe\" data-element_type=\"column\">\n\t\t\t<div class=\"elementor-widget-wrap elementor-element-populated\">\n\t\t\t\t\t\t<div class=\"elementor-element elementor-element-7bdd6bf elementor-widget elementor-widget-heading\" data-id=\"7bdd6bf\" data-element_type=\"widget\" data-widget_type=\"heading.default\">\n\t\t\t\t<div class=\"elementor-widget-container\">\n\t\t\t<h3 class=\"elementor-heading-title elementor-size-default\">PDC: Projet de programme Communautaire <\/h3>\t\t<\/div>\n\t\t\t\t<\/div>\n\t\t\t\t<div class=\"elementor-element elementor-element-821f0c4 elementor-widget elementor-widget-text-editor\" data-id=\"821f0c4\" data-element_type=\"widget\" data-widget_type=\"text-editor.default\">\n\t\t\t\t<div class=\"elementor-widget-container\">\n\t\t\t\t\t\t\t<p><strong>le PDC est le programme principale de l&rsquo;ONG ZAMA.<\/strong><\/p><p>Les objectifs du PDC sont multiples et d\u2019une fa\u00e7on g\u00e9n\u00e9rale ce programme a pour but de r\u00e9duire la pauvret\u00e9 par un appui \u00e0 des populations d\u00e9savantag\u00e9es de notre pays afin qu\u2019elles puissent r\u00e9pondre \u00e0 leurs besoins fondamentaux \u00e9l\u00e9mentaires, am\u00e9liorer leurs qualit\u00e9s de vie et renforcer leurs propres capacit\u00e9s de vie et de d\u00e9veloppement en posant des actions concr\u00e8tes qui sont des solutions \u00e0 leurs multiples probl\u00e8mes li\u00e9s \u00e0 la vie de l\u2019Homme dans son milieu et ceci par lui-m\u00eame. Le projet va pr\u00f4ner la contribution individuelle de populations, \u00e0 l\u2019unit\u00e9 et au bien-\u00eatre social dans la solidarit\u00e9 par ses s\u00e9ances de formations et de sensibilisation en agissant sur le plan :<\/p><ul><li>Social (l\u2019unit\u00e9 des peuples, Autonomisation, les scolarisations etc.\u2026)<\/li><li>Economique (formations cr\u00e9ation des emplois, des micro-cr\u00e9dits etc.\u2026)<\/li><li>Sant\u00e9 (sensibilisations sur maladies transmissibles et pand\u00e9mies, construction des unit\u00e9s villageoises de sant\u00e9, la construction des points d\u2019eau potable)<\/li><li>Agricole (formation, production et transformation \u2013 priorit\u00e9 \u00e0 l\u2019autosuffisance alimentaire)<\/li><li>IEC (d\u00e9veloppement socio culturel et touristique, radio rurale etc.\u2026)<\/li><\/ul>\t\t\t\t\t\t<\/div>\n\t\t\t\t<\/div>\n\t\t\t\t\t<\/div>\n\t\t<\/div>\n\t\t\t\t\t<\/div>\n\t\t<\/section>\n\t\t\t\t<section class=\"elementor-section elementor-top-section elementor-element elementor-element-0d3a3b6 elementor-section-boxed elementor-section-height-default elementor-section-height-default\" data-id=\"0d3a3b6\" data-element_type=\"section\">\n\t\t\t\t\t\t<div class=\"elementor-container elementor-column-gap-default\">\n\t\t\t\t\t<div class=\"elementor-column elementor-col-100 elementor-top-column elementor-element elementor-element-8d8163f\" data-id=\"8d8163f\" data-element_type=\"column\">\n\t\t\t<div class=\"elementor-widget-wrap elementor-element-populated\">\n\t\t\t\t\t\t<div class=\"elementor-element elementor-element-d38d7ba elementor-widget elementor-widget-heading\" data-id=\"d38d7ba\" data-element_type=\"widget\" data-widget_type=\"heading.default\">\n\t\t\t\t<div class=\"elementor-widget-container\">\n\t\t\t<h3 class=\"elementor-heading-title elementor-size-default\">AFMS: Projet d'autonomisation des Filles   <br>               en Milieu Scolaire <\/h3>\t\t<\/div>\n\t\t\t\t<\/div>\n\t\t\t\t<div class=\"elementor-element elementor-element-ba19187 elementor-widget elementor-widget-text-editor\" data-id=\"ba19187\" data-element_type=\"widget\" data-widget_type=\"text-editor.default\">\n\t\t\t\t<div class=\"elementor-widget-container\">\n\t\t\t\t\t\t\t<p>L\u2019objectif principal de ce Projet est de lutter contre les grosses en milieu scolaire par une autonomisation des fille en les amenant \u00e0 la responsabilit\u00e9 personnelle surtout en milieu scolaire Rural et Urbain par l\u2019\u00e9veil des consciences, \u00e0 d\u00e9velopper la solidarit\u00e9 entre elles et \u00e0 devenir autonome \u00e0 travers diverses formations par un suivi permanent induisant une bonne gestion de leur scolarit\u00e9 de fa\u00e7on autonome du primaire \u00e0 l\u2019universit\u00e9 car toutes analyse faites \u00e9tant les victimes en premi\u00e8re position elles sont les seules am\u00e8ne de se prot\u00e9ger de fa\u00e7on r\u00e9elle et d\u00e9finitive par une confiance qui sera \u00e9tablir entre elles.<\/p>\t\t\t\t\t\t<\/div>\n\t\t\t\t<\/div>\n\t\t\t\t\t<\/div>\n\t\t<\/div>\n\t\t\t\t\t<\/div>\n\t\t<\/section>\n\t\t\t\t<\/div>\n\t\t","protected":false},"excerpt":{"rendered":"<p>PDC: Projet de programme Communautaire le PDC est le programme principale de l&rsquo;ONG ZAMA. Les objectifs du PDC sont multiples et d\u2019une fa\u00e7on g\u00e9n\u00e9rale ce programme a pour but de r\u00e9duire la pauvret\u00e9 par un appui \u00e0 des populations d\u00e9savantag\u00e9es de notre pays afin qu\u2019elles puissent r\u00e9pondre \u00e0 leurs besoins fondamentaux \u00e9l\u00e9mentaires, am\u00e9liorer leurs qualit\u00e9s de vie et renforcer leurs [&hellip;]<\/p>\n","protected":false},"author":1,"featured_media":0,"parent":0,"menu_order":0,"comment_status":"closed","ping_status":"closed","template":"","meta":{"om_disable_all_campaigns":false,"_monsterinsights_skip_tracking":false,"_monsterinsights_sitenote_active":false,"_monsterinsights_sitenote_note":"","_monsterinsights_sitenote_category":0},"aioseo_notices":[],"_links":{"self":[{"href":"https:\/\/ong-zama.com\/index.php\/wp-json\/wp\/v2\/pages\/602"}],"collection":[{"href":"https:\/\/ong-zama.com\/index.php\/wp-json\/wp\/v2\/pages"}],"about":[{"href":"https:\/\/ong-zama.com\/index.php\/wp-json\/wp\/v2\/types\/page"}],"author":[{"embeddable":true,"href":"https:\/\/ong-zama.com\/index.php\/wp-json\/wp\/v2\/users\/1"}],"replies":[{"embeddable":true,"href":"https:\/\/ong-zama.com\/index.php\/wp-json\/wp\/v2\/comments?post=602"}],"version-history":[{"count":40,"href":"https:\/\/ong-zama.com\/index.php\/wp-json\/wp\/v2\/pages\/602\/revisions"}],"predecessor-version":[{"id":934,"href":"https:\/\/ong-zama.com\/index.php\/wp-json\/wp\/v2\/pages\/602\/revisions\/934"}],"wp:attachment":[{"href":"https:\/\/ong-zama.com\/index.php\/wp-json\/wp\/v2\/media?parent=602"}],"curies":[{"name":"wp","href":"https:\/\/api.w.org\/{rel}","templated":true}]}}