{"id":572,"date":"2021-09-16T14:03:02","date_gmt":"2021-09-16T14:03:02","guid":{"rendered":"https:\/\/ong-zama.com\/?page_id=572"},"modified":"2023-08-01T18:41:35","modified_gmt":"2023-08-01T18:41:35","slug":"process","status":"publish","type":"page","link":"https:\/\/ong-zama.com\/index.php\/process\/","title":{"rendered":"ACTUALITE"},"content":{"rendered":"\t\t<div data-elementor-type=\"wp-page\" data-elementor-id=\"572\" class=\"elementor elementor-572\">\n\t\t\t\t\t\t<section class=\"elementor-section elementor-top-section elementor-element elementor-element-75b9c52 elementor-section-boxed elementor-section-height-default elementor-section-height-default\" data-id=\"75b9c52\" data-element_type=\"section\">\n\t\t\t\t\t\t<div class=\"elementor-container elementor-column-gap-default\">\n\t\t\t\t\t<div class=\"elementor-column elementor-col-100 elementor-top-column elementor-element elementor-element-a315a33\" data-id=\"a315a33\" data-element_type=\"column\">\n\t\t\t<div class=\"elementor-widget-wrap\">\n\t\t\t\t\t\t\t<\/div>\n\t\t<\/div>\n\t\t\t\t\t<\/div>\n\t\t<\/section>\n\t\t\t\t<section class=\"elementor-section elementor-top-section elementor-element elementor-element-32bb3c1 elementor-section-boxed elementor-section-height-default elementor-section-height-default\" data-id=\"32bb3c1\" data-element_type=\"section\">\n\t\t\t\t\t\t<div class=\"elementor-container elementor-column-gap-default\">\n\t\t\t\t\t<div class=\"elementor-column elementor-col-100 elementor-top-column elementor-element elementor-element-590b651\" data-id=\"590b651\" data-element_type=\"column\">\n\t\t\t<div class=\"elementor-widget-wrap elementor-element-populated\">\n\t\t\t\t\t\t<div class=\"elementor-element elementor-element-0ff82be elementor-widget elementor-widget-heading\" data-id=\"0ff82be\" data-element_type=\"widget\" data-widget_type=\"heading.default\">\n\t\t\t\t<div class=\"elementor-widget-container\">\n\t\t\t<h2 class=\"elementor-heading-title elementor-size-default\">SENSIBILISATION DES PAYSANS<br><\/h2>\t\t<\/div>\n\t\t\t\t<\/div>\n\t\t\t\t<div class=\"elementor-element elementor-element-c53eb61 elementor-widget elementor-widget-text-editor\" data-id=\"c53eb61\" data-element_type=\"widget\" data-widget_type=\"text-editor.default\">\n\t\t\t\t<div class=\"elementor-widget-container\">\n\t\t\t\t\t\t\t<blockquote><p><b>&nbsp;Prot\u00e9ger notre Terre, Pr\u00e9server notre Sant\u00e9<\/b><\/p><\/blockquote>\n<p><span lang=\"\">&nbsp;<\/span><\/p>\n<p><span lang=\"\">Bienvenue sur la page d\u00e9di\u00e9e \u00e0 notre programme de sensibilisation sur les dangers des pesticides et herbicides ! En tant qu\u2019ONG ayant une branche d\u00e9di\u00e9e \u00e0 la protection de l\u2019environnement et \u00e0 la sant\u00e9 des communaut\u00e9s rurales, nous sommes profond\u00e9ment engag\u00e9s \u00e0 sensibiliser et \u00e0 \u00e9duquer nos paysans et leurs femmes sur les risques associ\u00e9s \u00e0 l\u2019utilisation excessive de produits chimiques agricoles.<\/span><\/p>\n<p><span lang=\"\">&nbsp;<\/span><\/p>\n<p><b><span lang=\"\">Pourquoi la Sensibilisation est Cruciale?<\/span><\/b><\/p>\n<p><span lang=\"\">&nbsp;<\/span><\/p>\n<p><span lang=\"\">L\u2019agriculture est l\u2019\u00e9pine dorsale de nos soci\u00e9t\u00e9s, nourrissant des millions de personnes \u00e0 travers le monde. Cependant, l\u2019usage intensif de pesticides et herbicides a des cons\u00e9quences d\u00e9sastreuses sur notre \u00e9cosyst\u00e8me et notre sant\u00e9. Les produits chimiques toxiques detruise nos sols, et contaminent les sources d\u2019eau et affectent la biodiversit\u00e9, mettant en danger notre s\u00e9curit\u00e9 alimentaire \u00e0 long terme. De plus, les paysans et les ouvriers agricoles sont expos\u00e9s quotidiennement \u00e0 ces produits dangereux, ce qui accro\u00eet les risques de maladies et d\u2019affections chroniques( cancer et autre tumeur par exemple ).<\/span><\/p>\n<p><span lang=\"\">&nbsp;<\/span><\/p>\n<p><b><span lang=\"\">Notre Approche de Sensibilisation<\/span><\/b><\/p>\n<p><span lang=\"\">&nbsp;<\/span><\/p>\n<p><span lang=\"\">L\u2019ONG ZAMA est d\u00e9termin\u00e9e \u00e0 apporter un changement positif en adoptant une approche compl\u00e8te de sensibilisation. Nous collaborons \u00e9troitement avec les communaut\u00e9s rurales pour offrir des programmes \u00e9ducatifs et des ateliers pratiques qui mettent l\u2019accent sur les alternatives agricoles durables. Notre approche inclut :<\/span><\/p>\n<p><span lang=\"\">&nbsp;<\/span><\/p>\n<p style=\"text-indent: -18.0pt; mso-list: l0 level1 lfo1;\"><!-- [if !supportLists]--><span lang=\"\">1.<span style=\"font-variant-numeric: normal; font-variant-east-asian: normal; font-variant-alternates: normal; font-kerning: auto; font-optical-sizing: auto; font-feature-settings: normal; font-variation-settings: normal; font-stretch: normal; font-size: 7pt; line-height: normal;\">&nbsp;&nbsp;&nbsp;&nbsp;&nbsp;&nbsp; <\/span><\/span><!--[endif]--><b><span lang=\"\">&nbsp;La Formation sur les Bonnes Pratiques Agricoles :<\/span><\/b><span lang=\"\"> Nous organisons des sessions de formation interactives qui enseignent aux paysans des techniques agricoles respectueuses de l\u2019environnement, telles que &nbsp;la biodynamique,l\u2019agro\u00e9cologie, la rotation des cultures, le compostage, et bien plus encore. Ces pratiques r\u00e9duisent la d\u00e9pendance aux pesticides et favorisent la r\u00e9g\u00e9n\u00e9ration des sols.<\/span><\/p>\n<p><span lang=\"\">&nbsp;<\/span><\/p>\n<p style=\"text-indent: -18.0pt; mso-list: l0 level1 lfo1;\"><!-- [if !supportLists]--><span lang=\"\">2.<span style=\"font-variant-numeric: normal; font-variant-east-asian: normal; font-variant-alternates: normal; font-kerning: auto; font-optical-sizing: auto; font-feature-settings: normal; font-variation-settings: normal; font-stretch: normal; font-size: 7pt; line-height: normal;\">&nbsp;&nbsp;&nbsp;&nbsp;&nbsp;&nbsp; <\/span><\/span><!--[endif]--><b><span lang=\"\">\u00c9ducation sur les Risques et les Effets N\u00e9fastes :<\/span><\/b><span lang=\"\"> Nous informons les paysans sur les dangers sp\u00e9cifiques des pesticides et herbicides couramment utilis\u00e9s. En mettant en \u00e9vidence les risques pour la sant\u00e9 humaine et l\u2019\u00e9cosyst\u00e8me, &nbsp;le cout economique pour l\u2019achat de ces poissons ,nous cherchons \u00e0 encourager l\u2019adoption de m\u00e9thodes alternatives plus s\u00fbres, \u00e9cologiques et \u00e9conomiquement rentable.<\/span><\/p>\n<p><span lang=\"\">&nbsp;<\/span><\/p>\n<p style=\"text-indent: -18.0pt; mso-list: l0 level1 lfo1;\"><!-- [if !supportLists]--><span lang=\"\">3.<span style=\"font-variant-numeric: normal; font-variant-east-asian: normal; font-variant-alternates: normal; font-kerning: auto; font-optical-sizing: auto; font-feature-settings: normal; font-variation-settings: normal; font-stretch: normal; font-size: 7pt; line-height: normal;\">&nbsp;&nbsp;&nbsp;&nbsp;&nbsp;&nbsp; <\/span><\/span><!--[endif]--><b><span lang=\"\">Acc\u00e8s aux Technologies Propres :<\/span><\/b><span lang=\"\"> Nous facilitons l\u2019acc\u00e8s des paysans \u00e0 des technologies agricoles propres et respectueuses de l\u2019environnement.Tels que la culture attel\u00e9 (l\u2019utilisation de la charure et la traction animale ) . Cela comprend aussi l\u2019introduction de mat\u00e9riel de pulv\u00e9risation sans danger, de biopesticides, et de solutions de lutte int\u00e9gr\u00e9e contre les ravageurs.<\/span><\/p>\n<p><span lang=\"\">&nbsp;<\/span><\/p>\n<p><\/p>\n<p style=\"text-indent: -18.0pt; mso-list: l0 level1 lfo1;\"><!-- [if !supportLists]--><span lang=\"\">4.<span style=\"font-variant-numeric: normal; font-variant-east-asian: normal; font-variant-alternates: normal; font-kerning: auto; font-optical-sizing: auto; font-feature-settings: normal; font-variation-settings: normal; font-stretch: normal; font-size: 7pt; line-height: normal;\">&nbsp;&nbsp;&nbsp;&nbsp;&nbsp;&nbsp; <\/span><\/span><!--[endif]--><b><span lang=\"\">Soutien Communautaire:<\/span><\/b><span lang=\"\"> Nous favorisons la cr\u00e9ation de r\u00e9seaux de soutien entre les agriculteurs, afin qu\u2019ils puissent partager leurs connaissances et exp\u00e9riences dans l\u2019adoption de pratiques durables. Nous encourageons \u00e9galement les partenariats avec des entreprises agricole<\/span><\/p>\t\t\t\t\t\t<\/div>\n\t\t\t\t<\/div>\n\t\t\t\t<div class=\"elementor-element elementor-element-4b07063 elementor-widget-divider--view-line elementor-widget elementor-widget-divider\" data-id=\"4b07063\" data-element_type=\"widget\" data-widget_type=\"divider.default\">\n\t\t\t\t<div class=\"elementor-widget-container\">\n\t\t\t\t\t<div class=\"elementor-divider\">\n\t\t\t<span class=\"elementor-divider-separator\">\n\t\t\t\t\t\t<\/span>\n\t\t<\/div>\n\t\t\t\t<\/div>\n\t\t\t\t<\/div>\n\t\t\t\t<div class=\"elementor-element elementor-element-d7d594d elementor-widget elementor-widget-text-editor\" data-id=\"d7d594d\" data-element_type=\"widget\" data-widget_type=\"text-editor.default\">\n\t\t\t\t<div class=\"elementor-widget-container\">\n\t\t\t\t\t\t\t<h6><span style=\"color: #374151; font-family: S\u00f6hne, ui-sans-serif, system-ui, -apple-system, 'Segoe UI', Roboto, Ubuntu, Cantarell, 'Noto Sans', sans-serif, 'Helvetica Neue', Arial, 'Apple Color Emoji', 'Segoe UI Emoji', 'Segoe UI Symbol', 'Noto Color Emoji'; font-size: 16px; white-space-collapse: preserve; background-color: #f7f7f8;\">Explorez les racines de l&rsquo;agriculture \u00e9cologique dans ce livre inspirant, d\u00e9voilant des proc\u00e9d\u00e9s novateurs qui r\u00e9g\u00e9n\u00e8rent la terre et cultivent un avenir durable. Plongez dans ce r\u00e9cit fertile, et laissez les graines de la connaissance s&rsquo;\u00e9panouir dans votre espri<\/span><\/h6>\t\t\t\t\t\t<\/div>\n\t\t\t\t<\/div>\n\t\t\t\t<div class=\"elementor-element elementor-element-13c93e1 elementor-widget elementor-widget-image\" data-id=\"13c93e1\" data-element_type=\"widget\" data-widget_type=\"image.default\">\n\t\t\t\t<div class=\"elementor-widget-container\">\n\t\t\t\t\t\t\t\t\t\t\t\t\t<img fetchpriority=\"high\" decoding=\"async\" width=\"640\" height=\"512\" src=\"https:\/\/ong-zama.com\/wp-content\/uploads\/2023\/08\/ffff-1024x819.jpg\" class=\"attachment-large size-large wp-image-995\" alt=\"Explorez les racines de l&#039;agriculture \u00e9cologique dans ce livre inspirant, d\u00e9voilant des proc\u00e9d\u00e9s novateurs qui r\u00e9g\u00e9n\u00e8rent la terre et cultivent un avenir durable. Plongez dans ce r\u00e9cit fertile, et laissez les graines de la connaissance s&#039;\u00e9panouir dans votre esprit\" srcset=\"https:\/\/ong-zama.com\/wp-content\/uploads\/2023\/08\/ffff-1024x819.jpg 1024w, https:\/\/ong-zama.com\/wp-content\/uploads\/2023\/08\/ffff-300x240.jpg 300w, https:\/\/ong-zama.com\/wp-content\/uploads\/2023\/08\/ffff-768x614.jpg 768w, https:\/\/ong-zama.com\/wp-content\/uploads\/2023\/08\/ffff-1536x1229.jpg 1536w, https:\/\/ong-zama.com\/wp-content\/uploads\/2023\/08\/ffff-2048x1638.jpg 2048w, https:\/\/ong-zama.com\/wp-content\/uploads\/2023\/08\/ffff-500x400.jpg 500w, https:\/\/ong-zama.com\/wp-content\/uploads\/2023\/08\/ffff-600x480.jpg 600w\" sizes=\"(max-width: 640px) 100vw, 640px\" \/>\t\t\t\t\t\t\t\t\t\t\t\t\t<\/div>\n\t\t\t\t<\/div>\n\t\t\t\t\t<\/div>\n\t\t<\/div>\n\t\t\t\t\t<\/div>\n\t\t<\/section>\n\t\t\t\t<section class=\"elementor-section elementor-top-section elementor-element elementor-element-281d7f4 elementor-section-boxed elementor-section-height-default elementor-section-height-default\" data-id=\"281d7f4\" data-element_type=\"section\">\n\t\t\t\t\t\t<div class=\"elementor-container elementor-column-gap-default\">\n\t\t\t\t\t<div class=\"elementor-column elementor-col-100 elementor-top-column elementor-element elementor-element-d8b8ee8\" data-id=\"d8b8ee8\" data-element_type=\"column\">\n\t\t\t<div class=\"elementor-widget-wrap elementor-element-populated\">\n\t\t\t\t\t\t<div class=\"elementor-element elementor-element-0693d8a elementor-widget elementor-widget-heading\" data-id=\"0693d8a\" data-element_type=\"widget\" data-widget_type=\"heading.default\">\n\t\t\t\t<div class=\"elementor-widget-container\">\n\t\t\t<h1 class=\"elementor-heading-title elementor-size-large\">AGRICULTURE ONG ZAMA<\/h1>\t\t<\/div>\n\t\t\t\t<\/div>\n\t\t\t\t<div class=\"elementor-element elementor-element-4bd3a83 elementor-widget elementor-widget-image\" data-id=\"4bd3a83\" data-element_type=\"widget\" data-widget_type=\"image.default\">\n\t\t\t\t<div class=\"elementor-widget-container\">\n\t\t\t\t\t\t\t\t\t\t\t\t\t<img decoding=\"async\" width=\"640\" height=\"640\" src=\"https:\/\/ong-zama.com\/wp-content\/uploads\/2023\/02\/lll-768x768.jpg\" class=\"attachment-medium_large size-medium_large wp-image-981\" alt=\"\" srcset=\"https:\/\/ong-zama.com\/wp-content\/uploads\/2023\/02\/lll-768x768.jpg 768w, https:\/\/ong-zama.com\/wp-content\/uploads\/2023\/02\/lll-300x300.jpg 300w, https:\/\/ong-zama.com\/wp-content\/uploads\/2023\/02\/lll-150x150.jpg 150w, https:\/\/ong-zama.com\/wp-content\/uploads\/2023\/02\/lll-600x600.jpg 600w, https:\/\/ong-zama.com\/wp-content\/uploads\/2023\/02\/lll-100x100.jpg 100w, https:\/\/ong-zama.com\/wp-content\/uploads\/2023\/02\/lll.jpg 1000w\" sizes=\"(max-width: 640px) 100vw, 640px\" \/>\t\t\t\t\t\t\t\t\t\t\t\t\t<\/div>\n\t\t\t\t<\/div>\n\t\t\t\t<div class=\"elementor-element elementor-element-3079e52 elementor-widget elementor-widget-text-editor\" data-id=\"3079e52\" data-element_type=\"widget\" data-widget_type=\"text-editor.default\">\n\t\t\t\t<div class=\"elementor-widget-container\">\n\t\t\t\t\t\t\t<p>En ce qui concerne le secteur de l&rsquo;agriculture vu l&rsquo;utilisation grandissante des herbicides et pesticides par nos paysans,\u00a0 nous nous sommes engag\u00e9s en faveur de l&rsquo;agriculture biodynamique, une approche plus durable et respectueuse de l&rsquo;environnement que nous avons adopt\u00e9 pour r\u00e9pondre aux besoins des communaut\u00e9s locales. Nous nous sommes donn\u00e9s la mission de pr\u00e9senter les avantages consid\u00e9rables que les cultures biodynamiques permettent par rapport aux nouvelles m\u00e9thodes de cultures qui encouragent l&rsquo;utilisation de pesticides, d&rsquo;herbicides et des engrais chimiques.<\/p><p>Tout d&rsquo;abord, les cultures biodynamiques sont plus respectueuses de l&rsquo;environnement car elles n&rsquo;utilisent pas de produits chimiques nocifs. L&rsquo;utilisation excessive de pesticides et d&rsquo;herbicides a un impact n\u00e9gatif sur la qualit\u00e9 de l&rsquo;eau, de l&rsquo;air et des sols, ce qui nuit \u00e0 la sant\u00e9 des populations locales et \u00e0 la biodiversit\u00e9. Les cultures biodynamiques utilisent des m\u00e9thodes naturelles de fertilisation par compostage et de lutte contre les nuisibles, ce qui permet de pr\u00e9server la sant\u00e9 de l&rsquo;environnement.<\/p><p>En outre, les cultures biodynamiques apportent des avantages \u00e9conomiques consid\u00e9rables pour les agriculteurs locaux. En utilisant des produits de culture plus durables et en \u00e9vitant l&rsquo;utilisation de produits chimiques, les agriculteurs peuvent r\u00e9duire leurs co\u00fbts de production et augmenter leur rentabilit\u00e9. La production de cultures biodynamiques est souvent plus diversifi\u00e9e, ce qui permet de mieux r\u00e9sister aux fluctuations des march\u00e9s et d&rsquo;assurer une s\u00e9curit\u00e9 alimentaire \u00e0 long terme.<\/p><p>Enfin, les cultures biodynamiques qui se rapport aux syst\u00e8mes de cultures traditionnelles Africaines qui offrent des avantages nutritionnels sup\u00e9rieurs aux nouvelles m\u00e9thodes dites moderne.\u00a0 En utilisant des m\u00e9thodes de culture durables et en utilisant des techniques de fertilisation naturelle, les cultures biodynamiques sont plus riches en nutriments essentiels des sols tels que les vitamines et les min\u00e9raux dont les plantes ont besoin, ce qui am\u00e9liore la sant\u00e9 des consommateurs.<\/p><p>Nous croyons que l&rsquo;adoption de l&rsquo;agriculture biodynamique est la meilleure voie \u00e0 suivre pour garantir des produits de qualit\u00e9 sup\u00e9rieure, pr\u00e9server notre environnement et soutenir les communaut\u00e9s locales. Nous sommes convaincus que cette approche permettra de r\u00e9pondre aux besoins des populations locales de mani\u00e8re plus durable et respectueuse de l&rsquo;environnement et de la sant\u00e9 humaine..<\/p>\t\t\t\t\t\t<\/div>\n\t\t\t\t<\/div>\n\t\t\t\t\t<\/div>\n\t\t<\/div>\n\t\t\t\t\t<\/div>\n\t\t<\/section>\n\t\t\t\t<section class=\"elementor-section elementor-top-section elementor-element elementor-element-4714d0b elementor-section-boxed elementor-section-height-default elementor-section-height-default\" data-id=\"4714d0b\" data-element_type=\"section\">\n\t\t\t\t\t\t<div class=\"elementor-container elementor-column-gap-default\">\n\t\t\t\t\t<div class=\"elementor-column elementor-col-100 elementor-top-column elementor-element elementor-element-3ed7eae\" data-id=\"3ed7eae\" data-element_type=\"column\">\n\t\t\t<div class=\"elementor-widget-wrap elementor-element-populated\">\n\t\t\t\t\t\t<div class=\"elementor-element elementor-element-1495842 elementor-widget elementor-widget-heading\" data-id=\"1495842\" data-element_type=\"widget\" data-widget_type=\"heading.default\">\n\t\t\t\t<div class=\"elementor-widget-container\">\n\t\t\t<h3 class=\"elementor-heading-title elementor-size-default\">COVID 19 : Campagne de sensibilisation en milieu<br>                        scolaire 2020 Commune de Kouand\u00e9 <\/h3>\t\t<\/div>\n\t\t\t\t<\/div>\n\t\t\t\t<div class=\"elementor-element elementor-element-052fab8 elementor-widget elementor-widget-image\" data-id=\"052fab8\" data-element_type=\"widget\" data-widget_type=\"image.default\">\n\t\t\t\t<div class=\"elementor-widget-container\">\n\t\t\t\t\t\t\t\t\t\t\t\t\t<img decoding=\"async\" width=\"640\" height=\"853\" src=\"https:\/\/ong-zama.com\/wp-content\/uploads\/2021\/08\/seminario-4-768x1024.jpg\" class=\"attachment-large size-large wp-image-220\" alt=\"\" srcset=\"https:\/\/ong-zama.com\/wp-content\/uploads\/2021\/08\/seminario-4-768x1024.jpg 768w, https:\/\/ong-zama.com\/wp-content\/uploads\/2021\/08\/seminario-4-600x800.jpg 600w, https:\/\/ong-zama.com\/wp-content\/uploads\/2021\/08\/seminario-4-225x300.jpg 225w, https:\/\/ong-zama.com\/wp-content\/uploads\/2021\/08\/seminario-4.jpg 810w\" sizes=\"(max-width: 640px) 100vw, 640px\" \/>\t\t\t\t\t\t\t\t\t\t\t\t\t<\/div>\n\t\t\t\t<\/div>\n\t\t\t\t<div class=\"elementor-element elementor-element-826cd79 elementor-widget elementor-widget-text-editor\" data-id=\"826cd79\" data-element_type=\"widget\" data-widget_type=\"text-editor.default\">\n\t\t\t\t<div class=\"elementor-widget-container\">\n\t\t\t\t\t\t\t<p>A l&rsquo;occasion dans les coll\u00e8gues et \u00e9coles primaires, il a eu des sensibilisations sur la covid19, sa dangerosit\u00e9, les gestes barri\u00e8res et n\u00e9cessit\u00e9 du port de masque en classe et dans les attroupements dans la cour de r\u00e9cr\u00e9ation.<\/p>\t\t\t\t\t\t<\/div>\n\t\t\t\t<\/div>\n\t\t\t\t<div class=\"elementor-element elementor-element-03b674f elementor-widget elementor-widget-text-editor\" data-id=\"03b674f\" data-element_type=\"widget\" data-widget_type=\"text-editor.default\">\n\t\t\t\t<div class=\"elementor-widget-container\">\n\t\t\t\t\t\t\t\t\t\t\t\t\t<\/div>\n\t\t\t\t<\/div>\n\t\t\t\t\t<\/div>\n\t\t<\/div>\n\t\t\t\t\t<\/div>\n\t\t<\/section>\n\t\t\t\t<section class=\"elementor-section elementor-top-section elementor-element elementor-element-5782aa3 elementor-section-boxed elementor-section-height-default elementor-section-height-default\" data-id=\"5782aa3\" data-element_type=\"section\">\n\t\t\t\t\t\t<div class=\"elementor-container elementor-column-gap-default\">\n\t\t\t\t\t<div class=\"elementor-column elementor-col-100 elementor-top-column elementor-element elementor-element-42faeab\" data-id=\"42faeab\" data-element_type=\"column\">\n\t\t\t<div class=\"elementor-widget-wrap elementor-element-populated\">\n\t\t\t\t\t\t<div class=\"elementor-element elementor-element-5b2d2a9 elementor-widget elementor-widget-image\" data-id=\"5b2d2a9\" data-element_type=\"widget\" data-widget_type=\"image.default\">\n\t\t\t\t<div class=\"elementor-widget-container\">\n\t\t\t\t\t\t\t\t\t\t\t\t\t<img loading=\"lazy\" decoding=\"async\" width=\"825\" height=\"400\" src=\"https:\/\/ong-zama.com\/wp-content\/uploads\/2021\/10\/20060922_145827000_iOS-825x400.jpg\" class=\"attachment-bizberg_detail_image size-bizberg_detail_image wp-image-671\" alt=\"\" \/>\t\t\t\t\t\t\t\t\t\t\t\t\t<\/div>\n\t\t\t\t<\/div>\n\t\t\t\t\t<\/div>\n\t\t<\/div>\n\t\t\t\t\t<\/div>\n\t\t<\/section>\n\t\t\t\t<section class=\"elementor-section elementor-top-section elementor-element elementor-element-85d6272 elementor-section-boxed elementor-section-height-default elementor-section-height-default\" data-id=\"85d6272\" data-element_type=\"section\">\n\t\t\t\t\t\t<div class=\"elementor-container elementor-column-gap-default\">\n\t\t\t\t\t<div class=\"elementor-column elementor-col-100 elementor-top-column elementor-element elementor-element-163fdcc\" data-id=\"163fdcc\" data-element_type=\"column\">\n\t\t\t<div class=\"elementor-widget-wrap elementor-element-populated\">\n\t\t\t\t\t\t<div class=\"elementor-element elementor-element-643de9e elementor-widget elementor-widget-text-editor\" data-id=\"643de9e\" data-element_type=\"widget\" data-widget_type=\"text-editor.default\">\n\t\t\t\t<div class=\"elementor-widget-container\">\n\t\t\t\t\t\t\t<p>Fin de formation en Coaching \u00e2 B\u00e2le en 2005.<\/p>\t\t\t\t\t\t<\/div>\n\t\t\t\t<\/div>\n\t\t\t\t\t<\/div>\n\t\t<\/div>\n\t\t\t\t\t<\/div>\n\t\t<\/section>\n\t\t\t\t<\/div>\n\t\t","protected":false},"excerpt":{"rendered":"<p>SENSIBILISATION DES PAYSANS &nbsp;Prot\u00e9ger notre Terre, Pr\u00e9server notre Sant\u00e9 &nbsp; Bienvenue sur la page d\u00e9di\u00e9e \u00e0 notre programme de sensibilisation sur les dangers des pesticides et herbicides ! En tant qu\u2019ONG ayant une branche d\u00e9di\u00e9e \u00e0 la protection de l\u2019environnement et \u00e0 la sant\u00e9 des communaut\u00e9s rurales, nous sommes profond\u00e9ment engag\u00e9s \u00e0 sensibiliser et \u00e0 \u00e9duquer nos paysans et leurs [&hellip;]<\/p>\n","protected":false},"author":1,"featured_media":0,"parent":0,"menu_order":0,"comment_status":"closed","ping_status":"closed","template":"","meta":{"om_disable_all_campaigns":false,"_monsterinsights_skip_tracking":false,"_monsterinsights_sitenote_active":false,"_monsterinsights_sitenote_note":"","_monsterinsights_sitenote_category":0},"aioseo_notices":[],"_links":{"self":[{"href":"https:\/\/ong-zama.com\/index.php\/wp-json\/wp\/v2\/pages\/572"}],"collection":[{"href":"https:\/\/ong-zama.com\/index.php\/wp-json\/wp\/v2\/pages"}],"about":[{"href":"https:\/\/ong-zama.com\/index.php\/wp-json\/wp\/v2\/types\/page"}],"author":[{"embeddable":true,"href":"https:\/\/ong-zama.com\/index.php\/wp-json\/wp\/v2\/users\/1"}],"replies":[{"embeddable":true,"href":"https:\/\/ong-zama.com\/index.php\/wp-json\/wp\/v2\/comments?post=572"}],"version-history":[{"count":49,"href":"https:\/\/ong-zama.com\/index.php\/wp-json\/wp\/v2\/pages\/572\/revisions"}],"predecessor-version":[{"id":998,"href":"https:\/\/ong-zama.com\/index.php\/wp-json\/wp\/v2\/pages\/572\/revisions\/998"}],"wp:attachment":[{"href":"https:\/\/ong-zama.com\/index.php\/wp-json\/wp\/v2\/media?parent=572"}],"curies":[{"name":"wp","href":"https:\/\/api.w.org\/{rel}","templated":true}]}}